{"id":339,"date":"2019-01-11T16:16:21","date_gmt":"2019-01-11T15:16:21","guid":{"rendered":"https:\/\/st-pie-x.dominicaines-du-saint-esprit.fr\/?page_id=339"},"modified":"2019-05-06T10:08:06","modified_gmt":"2019-05-06T08:08:06","slug":"la-charte","status":"publish","type":"page","link":"https:\/\/st-pie-x.dominicaines-du-saint-esprit.fr\/index.php\/la-charte\/","title":{"rendered":"La charte \u00e9ducative des Dominicaines <\/br>du Saint Esprit"},"content":{"rendered":"<p>[vc_row css_animation=\u00a0\u00bb\u00a0\u00bb row_type=\u00a0\u00bbrow\u00a0\u00bb use_row_as_full_screen_section=\u00a0\u00bbno\u00a0\u00bb type=\u00a0\u00bbfull_width\u00a0\u00bb angled_section=\u00a0\u00bbno\u00a0\u00bb text_align=\u00a0\u00bbleft\u00a0\u00bb background_image_as_pattern=\u00a0\u00bbwithout_pattern\u00a0\u00bb css=\u00a0\u00bb.vc_custom_1547221826145{margin-right: 20% !important;margin-left: 20% !important;}\u00a0\u00bb z_index=\u00a0\u00bb\u00a0\u00bb][vc_column][vc_empty_space height=\u00a0\u00bb80px\u00a0\u00bb][vc_column_text]<\/p>\n<p style=\"text-align: center;\">Dans leurs \u00e9tablissements scolaires, les Dominicaines du Saint Esprit adoptent comme r\u00e9f\u00e9rences fondamentales<br \/>\nl\u2019Evangile ainsi que les principes \u00e9ducatifs pr\u00e9conis\u00e9s par l\u2019Eglise catholique.<\/p>\n<p>[\/vc_column_text][vc_empty_space height=\u00a0\u00bb30px\u00a0\u00bb][vc_column_text]<\/p>\n<p style=\"text-align: center;\">Elles ont \u00e0 c\u0153ur de mettre en pratique le charisme propre de Saint Dominique,<br \/>\nqui se d\u00e9finit comme une qu\u00eate du vrai en un climat de libert\u00e9 et d\u2019amiti\u00e9.<\/p>\n<p>[\/vc_column_text][vc_empty_space height=\u00a0\u00bb60px\u00a0\u00bb][vc_single_image image=\u00a0\u00bb347&Prime; img_size=\u00a0\u00bb250&#215;250&Prime; alignment=\u00a0\u00bbcenter\u00a0\u00bb qode_css_animation=\u00a0\u00bb\u00a0\u00bb][vc_empty_space height=\u00a0\u00bb80px\u00a0\u00bb][\/vc_column][\/vc_row][vc_row css_animation=\u00a0\u00bb\u00a0\u00bb row_type=\u00a0\u00bbrow\u00a0\u00bb use_row_as_full_screen_section=\u00a0\u00bbno\u00a0\u00bb type=\u00a0\u00bbgrid\u00a0\u00bb angled_section=\u00a0\u00bbno\u00a0\u00bb text_align=\u00a0\u00bbleft\u00a0\u00bb background_image_as_pattern=\u00a0\u00bbwithout_pattern\u00a0\u00bb padding_top=\u00a0\u00bb65&Prime; padding_bottom=\u00a0\u00bb35&Prime; z_index=\u00a0\u00bb\u00a0\u00bb css=\u00a0\u00bb.vc_custom_1547222708609{background-color: #fff8ed !important;}\u00a0\u00bb][vc_column offset=\u00a0\u00bbvc_col-md-6&Prime;][vc_column_text]De m\u00eame que la spiritualit\u00e9 dominicaine se d\u00e9cline selon trois lignes de force\u00a0:[\/vc_column_text][vc_empty_space height=\u00a0\u00bb30px\u00a0\u00bb]<div class='q_list circle normal animate_list'><\/p>\n<ul>\n<li><span style=\"color: #333333;\">Vie liturgique<\/span><\/li>\n<li><span style=\"color: #333333;\">Vie intellectuelle<\/span><\/li>\n<li><span style=\"color: #333333;\">Vie commune,<\/span><\/li>\n<\/ul>\n<p><\/div>[vc_column_text]ainsi la p\u00e9dagogie des Dominicaines du Saint-Esprit s\u2019attache \u00e0 \u00e9veiller dans le c\u0153ur et l\u2019\u00e2me de la jeunesse\u00a0:[\/vc_column_text][vc_empty_space height=\u00a0\u00bb30px\u00a0\u00bb]<div class='q_list circle normal animate_list'><\/p>\n<ul>\n<li><span style=\"color: #333333;\">Le sens de l\u2019Eglise notamment par la vie liturgique<\/span><\/li>\n<li><span style=\"color: #333333;\">Le go\u00fbt de la V\u00e9rit\u00e9<\/span><\/li>\n<li><span style=\"color: #333333;\">L\u2019attention au prochain<\/span><\/li>\n<\/ul>\n<p><\/div>[\/vc_column][vc_column offset=\u00a0\u00bbvc_col-md-6&Prime;][vc_single_image image=\u00a0\u00bb654&Prime; img_size=\u00a0\u00bb310&#215;400&Prime; alignment=\u00a0\u00bbcenter\u00a0\u00bb style=\u00a0\u00bbvc_box_border\u00a0\u00bb border_color=\u00a0\u00bbwhite\u00a0\u00bb qode_css_animation=\u00a0\u00bbelement_from_fade\u00a0\u00bb][\/vc_column][\/vc_row]<\/p>\n","protected":false},"excerpt":{"rendered":"<p>[vc_row css_animation=\u00a0\u00bb\u00a0\u00bb row_type=\u00a0\u00bbrow\u00a0\u00bb use_row_as_full_screen_section=\u00a0\u00bbno\u00a0\u00bb type=\u00a0\u00bbfull_width\u00a0\u00bb angled_section=\u00a0\u00bbno\u00a0\u00bb text_align=\u00a0\u00bbleft\u00a0\u00bb background_image_as_pattern=\u00a0\u00bbwithout_pattern\u00a0\u00bb css=\u00a0\u00bb.vc_custom_1547221826145{margin-right: 20% !important;margin-left: 20% !important;}\u00a0\u00bb z_index=\u00a0\u00bb\u00a0\u00bb][vc_column][vc_empty_space height=\u00a0\u00bb80px\u00a0\u00bb][vc_column_text] Dans leurs \u00e9tablissements scolaires, les Dominicaines du Saint Esprit adoptent comme r\u00e9f\u00e9rences fondamentales l\u2019Evangile ainsi que les principes \u00e9ducatifs pr\u00e9conis\u00e9s par l\u2019Eglise catholique. [\/vc_column_text][vc_empty_space height=\u00a0\u00bb30px\u00a0\u00bb][vc_column_text] Elles ont \u00e0 c\u0153ur de&#8230;<\/p>\n","protected":false},"author":1,"featured_media":0,"parent":0,"menu_order":0,"comment_status":"closed","ping_status":"closed","template":"full_width.php","meta":[],"yoast_head":"<!-- This site is optimized with the Yoast SEO plugin v16.9 - https:\/\/yoast.com\/wordpress\/plugins\/seo\/ -->\n<meta name=\"robots\" content=\"index, follow, max-snippet:-1, max-image-preview:large, max-video-preview:-1\" \/>\n<link rel=\"canonical\" href=\"https:\/\/st-pie-x.dominicaines-du-saint-esprit.fr\/index.php\/la-charte\/\" \/>\n<meta property=\"og:locale\" content=\"fr_FR\" \/>\n<meta property=\"og:type\" content=\"article\" \/>\n<meta property=\"og:title\" content=\"La charte \u00e9ducative des Dominicaines du Saint Esprit - Institution Saint-Pie X\" \/>\n<meta property=\"og:description\" content=\"[vc_row css_animation=\u00a0\u00bb\u00a0\u00bb row_type=\u00a0\u00bbrow\u00a0\u00bb use_row_as_full_screen_section=\u00a0\u00bbno\u00a0\u00bb type=\u00a0\u00bbfull_width\u00a0\u00bb angled_section=\u00a0\u00bbno\u00a0\u00bb text_align=\u00a0\u00bbleft\u00a0\u00bb background_image_as_pattern=\u00a0\u00bbwithout_pattern\u00a0\u00bb css=\u00a0\u00bb.vc_custom_1547221826145{margin-right: 20% !important;margin-left: 20% !important;}\u00a0\u00bb z_index=\u00a0\u00bb\u00a0\u00bb][vc_column][vc_empty_space height=\u00a0\u00bb80px\u00a0\u00bb][vc_column_text] Dans leurs \u00e9tablissements scolaires, les Dominicaines du Saint Esprit adoptent comme r\u00e9f\u00e9rences fondamentales l\u2019Evangile ainsi que les principes \u00e9ducatifs pr\u00e9conis\u00e9s par l\u2019Eglise catholique. [\/vc_column_text][vc_empty_space height=\u00a0\u00bb30px\u00a0\u00bb][vc_column_text] Elles ont \u00e0 c\u0153ur de...\" \/>\n<meta property=\"og:url\" content=\"https:\/\/st-pie-x.dominicaines-du-saint-esprit.fr\/index.php\/la-charte\/\" \/>\n<meta property=\"og:site_name\" content=\"Institution Saint-Pie X\" \/>\n<meta property=\"article:modified_time\" content=\"2019-05-06T08:08:06+00:00\" \/>\n<meta name=\"twitter:card\" content=\"summary_large_image\" \/>\n<meta name=\"twitter:label1\" content=\"Dur\u00e9e de lecture est.\" \/>\n\t<meta name=\"twitter:data1\" content=\"2 minutes\" \/>\n<script type=\"application\/ld+json\" class=\"yoast-schema-graph\">{\"@context\":\"https:\/\/schema.org\",\"@graph\":[{\"@type\":\"Organization\",\"@id\":\"https:\/\/st-pie-x.dominicaines-du-saint-esprit.fr\/#organization\",\"name\":\"Institution Saint-Pie X\",\"url\":\"https:\/\/st-pie-x.dominicaines-du-saint-esprit.fr\/\",\"sameAs\":[],\"logo\":{\"@type\":\"ImageObject\",\"@id\":\"https:\/\/st-pie-x.dominicaines-du-saint-esprit.fr\/#logo\",\"inLanguage\":\"fr-FR\",\"url\":\"https:\/\/st-pie-x.dominicaines-du-saint-esprit.fr\/wp-content\/uploads\/2018\/10\/logo-dominicaines.png\",\"contentUrl\":\"https:\/\/st-pie-x.dominicaines-du-saint-esprit.fr\/wp-content\/uploads\/2018\/10\/logo-dominicaines.png\",\"width\":90,\"height\":120,\"caption\":\"Institution Saint-Pie X\"},\"image\":{\"@id\":\"https:\/\/st-pie-x.dominicaines-du-saint-esprit.fr\/#logo\"}},{\"@type\":\"WebSite\",\"@id\":\"https:\/\/st-pie-x.dominicaines-du-saint-esprit.fr\/#website\",\"url\":\"https:\/\/st-pie-x.dominicaines-du-saint-esprit.fr\/\",\"name\":\"Institution Saint-Pie X\",\"description\":\"Dominicaines du Saint-Esprit\",\"publisher\":{\"@id\":\"https:\/\/st-pie-x.dominicaines-du-saint-esprit.fr\/#organization\"},\"potentialAction\":[{\"@type\":\"SearchAction\",\"target\":{\"@type\":\"EntryPoint\",\"urlTemplate\":\"https:\/\/st-pie-x.dominicaines-du-saint-esprit.fr\/?s={search_term_string}\"},\"query-input\":\"required name=search_term_string\"}],\"inLanguage\":\"fr-FR\"},{\"@type\":\"WebPage\",\"@id\":\"https:\/\/st-pie-x.dominicaines-du-saint-esprit.fr\/index.php\/la-charte\/#webpage\",\"url\":\"https:\/\/st-pie-x.dominicaines-du-saint-esprit.fr\/index.php\/la-charte\/\",\"name\":\"La charte \\u00e9ducative des Dominicaines du Saint Esprit - Institution Saint-Pie X\",\"isPartOf\":{\"@id\":\"https:\/\/st-pie-x.dominicaines-du-saint-esprit.fr\/#website\"},\"datePublished\":\"2019-01-11T15:16:21+00:00\",\"dateModified\":\"2019-05-06T08:08:06+00:00\",\"breadcrumb\":{\"@id\":\"https:\/\/st-pie-x.dominicaines-du-saint-esprit.fr\/index.php\/la-charte\/#breadcrumb\"},\"inLanguage\":\"fr-FR\",\"potentialAction\":[{\"@type\":\"ReadAction\",\"target\":[\"https:\/\/st-pie-x.dominicaines-du-saint-esprit.fr\/index.php\/la-charte\/\"]}]},{\"@type\":\"BreadcrumbList\",\"@id\":\"https:\/\/st-pie-x.dominicaines-du-saint-esprit.fr\/index.php\/la-charte\/#breadcrumb\",\"itemListElement\":[{\"@type\":\"ListItem\",\"position\":1,\"name\":\"Accueil\",\"item\":\"https:\/\/st-pie-x.dominicaines-du-saint-esprit.fr\/\"},{\"@type\":\"ListItem\",\"position\":2,\"name\":\"La charte \\u00e9ducative des Dominicaines du Saint Esprit\"}]}]}<\/script>\n<!-- \/ Yoast SEO plugin. -->","yoast_head_json":{"robots":{"index":"index","follow":"follow","max-snippet":"max-snippet:-1","max-image-preview":"max-image-preview:large","max-video-preview":"max-video-preview:-1"},"canonical":"https:\/\/st-pie-x.dominicaines-du-saint-esprit.fr\/index.php\/la-charte\/","og_locale":"fr_FR","og_type":"article","og_title":"La charte \u00e9ducative des Dominicaines du Saint Esprit - Institution Saint-Pie X","og_description":"[vc_row css_animation=\u00a0\u00bb\u00a0\u00bb row_type=\u00a0\u00bbrow\u00a0\u00bb use_row_as_full_screen_section=\u00a0\u00bbno\u00a0\u00bb type=\u00a0\u00bbfull_width\u00a0\u00bb angled_section=\u00a0\u00bbno\u00a0\u00bb text_align=\u00a0\u00bbleft\u00a0\u00bb background_image_as_pattern=\u00a0\u00bbwithout_pattern\u00a0\u00bb css=\u00a0\u00bb.vc_custom_1547221826145{margin-right: 20% !important;margin-left: 20% !important;}\u00a0\u00bb z_index=\u00a0\u00bb\u00a0\u00bb][vc_column][vc_empty_space height=\u00a0\u00bb80px\u00a0\u00bb][vc_column_text] Dans leurs \u00e9tablissements scolaires, les Dominicaines du Saint Esprit adoptent comme r\u00e9f\u00e9rences fondamentales l\u2019Evangile ainsi que les principes \u00e9ducatifs pr\u00e9conis\u00e9s par l\u2019Eglise catholique. [\/vc_column_text][vc_empty_space height=\u00a0\u00bb30px\u00a0\u00bb][vc_column_text] Elles ont \u00e0 c\u0153ur de...","og_url":"https:\/\/st-pie-x.dominicaines-du-saint-esprit.fr\/index.php\/la-charte\/","og_site_name":"Institution Saint-Pie X","article_modified_time":"2019-05-06T08:08:06+00:00","twitter_card":"summary_large_image","twitter_misc":{"Dur\u00e9e de lecture est.":"2 minutes"},"schema":{"@context":"https:\/\/schema.org","@graph":[{"@type":"Organization","@id":"https:\/\/st-pie-x.dominicaines-du-saint-esprit.fr\/#organization","name":"Institution Saint-Pie X","url":"https:\/\/st-pie-x.dominicaines-du-saint-esprit.fr\/","sameAs":[],"logo":{"@type":"ImageObject","@id":"https:\/\/st-pie-x.dominicaines-du-saint-esprit.fr\/#logo","inLanguage":"fr-FR","url":"https:\/\/st-pie-x.dominicaines-du-saint-esprit.fr\/wp-content\/uploads\/2018\/10\/logo-dominicaines.png","contentUrl":"https:\/\/st-pie-x.dominicaines-du-saint-esprit.fr\/wp-content\/uploads\/2018\/10\/logo-dominicaines.png","width":90,"height":120,"caption":"Institution Saint-Pie X"},"image":{"@id":"https:\/\/st-pie-x.dominicaines-du-saint-esprit.fr\/#logo"}},{"@type":"WebSite","@id":"https:\/\/st-pie-x.dominicaines-du-saint-esprit.fr\/#website","url":"https:\/\/st-pie-x.dominicaines-du-saint-esprit.fr\/","name":"Institution Saint-Pie X","description":"Dominicaines du Saint-Esprit","publisher":{"@id":"https:\/\/st-pie-x.dominicaines-du-saint-esprit.fr\/#organization"},"potentialAction":[{"@type":"SearchAction","target":{"@type":"EntryPoint","urlTemplate":"https:\/\/st-pie-x.dominicaines-du-saint-esprit.fr\/?s={search_term_string}"},"query-input":"required name=search_term_string"}],"inLanguage":"fr-FR"},{"@type":"WebPage","@id":"https:\/\/st-pie-x.dominicaines-du-saint-esprit.fr\/index.php\/la-charte\/#webpage","url":"https:\/\/st-pie-x.dominicaines-du-saint-esprit.fr\/index.php\/la-charte\/","name":"La charte \u00e9ducative des Dominicaines du Saint Esprit - Institution Saint-Pie X","isPartOf":{"@id":"https:\/\/st-pie-x.dominicaines-du-saint-esprit.fr\/#website"},"datePublished":"2019-01-11T15:16:21+00:00","dateModified":"2019-05-06T08:08:06+00:00","breadcrumb":{"@id":"https:\/\/st-pie-x.dominicaines-du-saint-esprit.fr\/index.php\/la-charte\/#breadcrumb"},"inLanguage":"fr-FR","potentialAction":[{"@type":"ReadAction","target":["https:\/\/st-pie-x.dominicaines-du-saint-esprit.fr\/index.php\/la-charte\/"]}]},{"@type":"BreadcrumbList","@id":"https:\/\/st-pie-x.dominicaines-du-saint-esprit.fr\/index.php\/la-charte\/#breadcrumb","itemListElement":[{"@type":"ListItem","position":1,"name":"Accueil","item":"https:\/\/st-pie-x.dominicaines-du-saint-esprit.fr\/"},{"@type":"ListItem","position":2,"name":"La charte \u00e9ducative des Dominicaines du Saint Esprit"}]}]}},"_links":{"self":[{"href":"https:\/\/st-pie-x.dominicaines-du-saint-esprit.fr\/index.php\/wp-json\/wp\/v2\/pages\/339"}],"collection":[{"href":"https:\/\/st-pie-x.dominicaines-du-saint-esprit.fr\/index.php\/wp-json\/wp\/v2\/pages"}],"about":[{"href":"https:\/\/st-pie-x.dominicaines-du-saint-esprit.fr\/index.php\/wp-json\/wp\/v2\/types\/page"}],"author":[{"embeddable":true,"href":"https:\/\/st-pie-x.dominicaines-du-saint-esprit.fr\/index.php\/wp-json\/wp\/v2\/users\/1"}],"replies":[{"embeddable":true,"href":"https:\/\/st-pie-x.dominicaines-du-saint-esprit.fr\/index.php\/wp-json\/wp\/v2\/comments?post=339"}],"version-history":[{"count":8,"href":"https:\/\/st-pie-x.dominicaines-du-saint-esprit.fr\/index.php\/wp-json\/wp\/v2\/pages\/339\/revisions"}],"predecessor-version":[{"id":656,"href":"https:\/\/st-pie-x.dominicaines-du-saint-esprit.fr\/index.php\/wp-json\/wp\/v2\/pages\/339\/revisions\/656"}],"wp:attachment":[{"href":"https:\/\/st-pie-x.dominicaines-du-saint-esprit.fr\/index.php\/wp-json\/wp\/v2\/media?parent=339"}],"curies":[{"name":"wp","href":"https:\/\/api.w.org\/{rel}","templated":true}]}}