{"id":424,"date":"2019-03-15T17:43:40","date_gmt":"2019-03-15T16:43:40","guid":{"rendered":"https:\/\/st-pie-x.dominicaines-du-saint-esprit.fr\/?page_id=424"},"modified":"2019-05-16T11:33:28","modified_gmt":"2019-05-16T09:33:28","slug":"le-projet-pedagogique","status":"publish","type":"page","link":"https:\/\/st-pie-x.dominicaines-du-saint-esprit.fr\/index.php\/le-projet-pedagogique\/","title":{"rendered":"Le projet p\u00e9dagogique"},"content":{"rendered":"<p>[vc_row css_animation=\u00a0\u00bb\u00a0\u00bb row_type=\u00a0\u00bbrow\u00a0\u00bb use_row_as_full_screen_section=\u00a0\u00bbno\u00a0\u00bb type=\u00a0\u00bbgrid\u00a0\u00bb angled_section=\u00a0\u00bbno\u00a0\u00bb text_align=\u00a0\u00bbleft\u00a0\u00bb background_image_as_pattern=\u00a0\u00bbwithout_pattern\u00a0\u00bb padding_top=\u00a0\u00bb119&Prime; padding_bottom=\u00a0\u00bb35&Prime; z_index=\u00a0\u00bb\u00a0\u00bb][vc_column width=\u00a0\u00bb1\/2&Prime; offset=\u00a0\u00bbvc_col-md-6&Prime;][vc_column_text]<\/p>\n<h1><strong>\u00c9ducation \u00e0 la Foi<\/strong><\/h1>\n<p>[\/vc_column_text][vc_separator type=\u00a0\u00bbsmall\u00a0\u00bb position=\u00a0\u00bbleft\u00a0\u00bb color=\u00a0\u00bb#fab012&Prime; thickness=\u00a0\u00bb4&Prime; width=\u00a0\u00bb48&Prime; up=\u00a0\u00bb17&Prime; down=\u00a0\u00bb27&Prime;]<blockquote class='' style=''><h5 class='blockquote-text' style=''>L'\u00e9ducation chr\u00e9tienne consiste essentiellement \u00e0 faire grandir les \u00e9l\u00e8ves chaque jour et en toutes choses, par la force de leur bapt\u00eame, dans le Christ. Que les \u00e9l\u00e8ves n'aient rien tant \u00e0 c\u0153ur que d'apprendre le Christ<\/h5><\/blockquote>[vc_column_text]<\/p>\n<h4 style=\"text-align: center;\"><span style=\"color: #787879;\"><em>&#8211; Abb\u00e9 Berto &#8211;<\/em><\/span><\/h4>\n<p>[\/vc_column_text][vc_empty_space height=\u00a0\u00bb40px\u00a0\u00bb][vc_column_text]<strong>Un programme de cat\u00e9chisme est \u00e9tabli pour chaque niveau de classe<\/strong>, en vue d\u2019une connaissance claire et raisonn\u00e9e de la foi.[\/vc_column_text][vc_empty_space height=\u00a0\u00bb30px\u00a0\u00bb][vc_column_text]<strong>L\u2019approfondissement de la vie int\u00e9rieure<\/strong> est favoris\u00e9 par la d\u00e9couverte du Christ au travers des Evangiles, une formation \u00e0 la vie de pri\u00e8re, la proposition d&rsquo;une vie sacramentelle et la participation \u00e0 des c\u00e9r\u00e9monies religieuses selon la forme extraordinaire du rite romain.[\/vc_column_text][vc_empty_space height=\u00a0\u00bb50px\u00a0\u00bb][\/vc_column][vc_column width=\u00a0\u00bb1\/2&Prime;][vc_single_image image=\u00a0\u00bb451&Prime; img_size=\u00a0\u00bbfull\u00a0\u00bb alignment=\u00a0\u00bbcenter\u00a0\u00bb style=\u00a0\u00bbvc_box_shadow_border\u00a0\u00bb qode_css_animation=\u00a0\u00bb\u00a0\u00bb][vc_column_text]<\/p>\n<p style=\"text-align: center;\">P\u00e8lerinage Montligeon 2016<\/p>\n<p>[\/vc_column_text][\/vc_column][\/vc_row][vc_row css_animation=\u00a0\u00bb\u00a0\u00bb row_type=\u00a0\u00bbrow\u00a0\u00bb use_row_as_full_screen_section=\u00a0\u00bbno\u00a0\u00bb type=\u00a0\u00bbfull_width\u00a0\u00bb angled_section=\u00a0\u00bbno\u00a0\u00bb text_align=\u00a0\u00bbleft\u00a0\u00bb background_image_as_pattern=\u00a0\u00bbwithout_pattern\u00a0\u00bb][vc_column][vc_column_text]<\/p>\n<h1><strong>Formation des intelligences<\/strong><\/h1>\n<p>[\/vc_column_text][vc_separator type=\u00a0\u00bbsmall\u00a0\u00bb position=\u00a0\u00bbleft\u00a0\u00bb color=\u00a0\u00bb#fab012&Prime; thickness=\u00a0\u00bb4&Prime; width=\u00a0\u00bb48&Prime; up=\u00a0\u00bb17&Prime; down=\u00a0\u00bb-50&Prime;][\/vc_column][\/vc_row][vc_row css_animation=\u00a0\u00bb\u00a0\u00bb row_type=\u00a0\u00bbrow\u00a0\u00bb use_row_as_full_screen_section=\u00a0\u00bbno\u00a0\u00bb type=\u00a0\u00bbgrid\u00a0\u00bb angled_section=\u00a0\u00bbno\u00a0\u00bb text_align=\u00a0\u00bbleft\u00a0\u00bb background_image_as_pattern=\u00a0\u00bbwithout_pattern\u00a0\u00bb padding_top=\u00a0\u00bb119&Prime; padding_bottom=\u00a0\u00bb35&Prime; z_index=\u00a0\u00bb\u00a0\u00bb][vc_column width=\u00a0\u00bb1\/2&Prime; offset=\u00a0\u00bbvc_col-md-6&Prime;][vc_single_image image=\u00a0\u00bb452&Prime; img_size=\u00a0\u00bbfull\u00a0\u00bb alignment=\u00a0\u00bbcenter\u00a0\u00bb style=\u00a0\u00bbvc_box_shadow_border\u00a0\u00bb qode_css_animation=\u00a0\u00bb\u00a0\u00bb][\/vc_column][vc_column width=\u00a0\u00bb1\/2&Prime;][vc_empty_space height=\u00a0\u00bb10px\u00a0\u00bb][vc_column_text]<strong>Confiants dans la capacit\u00e9 de l&rsquo;\u00e9l\u00e8ve \u00e0 saisir la v\u00e9rit\u00e9 des choses, les professeurs s&rsquo;appliquent \u00e0 lui donner une solide armature intellectuelle et un esprit objectif.<\/strong>[\/vc_column_text][vc_empty_space height=\u00a0\u00bb30px\u00a0\u00bb][vc_column_text]<strong>L\u2019\u00e9l\u00e8ve s&rsquo;exerce \u00e0 penser par lui-m\u00eame<\/strong>, \u00e0 acqu\u00e9rir un esprit critique sans h\u00e9siter \u00e0 confronter sa pens\u00e9e \u00e0 celle des autres.[\/vc_column_text][vc_empty_space height=\u00a0\u00bb30px\u00a0\u00bb][vc_column_text]<strong>Un suivi attentif aide l&rsquo;\u00e9l\u00e8ve<\/strong> \u00e0 organiser son travail et \u00e0 acqu\u00e9rir des m\u00e9thode.[\/vc_column_text][vc_empty_space height=\u00a0\u00bb30px\u00a0\u00bb][vc_column_text]<strong>Les \u00e9tudes litt\u00e9raires et philosophiques sont favoris\u00e9es<\/strong> pour apprendre \u00e0 l&rsquo;\u00e9l\u00e8ve \u00e0 poser les bonnes questions et \u00e0 cerner les probl\u00e8mes, \u00e0 mettre de l&rsquo;ordre dans ses id\u00e9es, \u00e0 discerner les nuances, \u00e0 r\u00e9diger avec aisance, \u00e0 penser juste.[\/vc_column_text][vc_empty_space height=\u00a0\u00bb50px\u00a0\u00bb][\/vc_column][\/vc_row][vc_row css_animation=\u00a0\u00bb\u00a0\u00bb row_type=\u00a0\u00bbrow\u00a0\u00bb use_row_as_full_screen_section=\u00a0\u00bbno\u00a0\u00bb type=\u00a0\u00bbfull_width\u00a0\u00bb angled_section=\u00a0\u00bbno\u00a0\u00bb text_align=\u00a0\u00bbleft\u00a0\u00bb background_image_as_pattern=\u00a0\u00bbwithout_pattern\u00a0\u00bb][vc_column][vc_column_text]<\/p>\n<h1>Apprentissage de l&rsquo;exercice de la libert\u00e9 et de la responsabilit\u00e9<\/h1>\n<p>[\/vc_column_text][vc_separator type=\u00a0\u00bbsmall\u00a0\u00bb position=\u00a0\u00bbleft\u00a0\u00bb color=\u00a0\u00bb#fab012&Prime; thickness=\u00a0\u00bb4&Prime; width=\u00a0\u00bb48&Prime; up=\u00a0\u00bb17&Prime; down=\u00a0\u00bb-50&Prime;][\/vc_column][\/vc_row][vc_row css_animation=\u00a0\u00bb\u00a0\u00bb row_type=\u00a0\u00bbrow\u00a0\u00bb use_row_as_full_screen_section=\u00a0\u00bbno\u00a0\u00bb type=\u00a0\u00bbgrid\u00a0\u00bb angled_section=\u00a0\u00bbno\u00a0\u00bb text_align=\u00a0\u00bbleft\u00a0\u00bb background_image_as_pattern=\u00a0\u00bbwithout_pattern\u00a0\u00bb padding_top=\u00a0\u00bb119&Prime; padding_bottom=\u00a0\u00bb35&Prime; z_index=\u00a0\u00bb\u00a0\u00bb][vc_column width=\u00a0\u00bb1\/2&Prime; offset=\u00a0\u00bbvc_col-md-6&Prime;][vc_column_text]Dans un <strong>climat de confiance, d&rsquo;entrain et d&rsquo;affection<\/strong>, l&rsquo;\u00e9l\u00e8ve apprend \u00e0 choisir ce qui est bon, vrai et beau pour acqu\u00e9rir progressivement une plus grande libert\u00e9, s&rsquo;initier \u00e0 la joie profonde de la vie, et ainsi se pr\u00e9parer \u00e0 sa responsabilit\u00e9 d&rsquo;adulte.[\/vc_column_text][vc_empty_space height=\u00a0\u00bb30px\u00a0\u00bb][vc_column_text]<strong>Cet apprentissage de la libert\u00e9 s&rsquo;accompagne de la formation de la volont\u00e9, du caract\u00e8re et du c\u0153ur<\/strong>. Une autorit\u00e9 bienveillante et ferme assure l&rsquo;ordre et la paix, tout en laissant une large part \u00e0 la spontan\u00e9it\u00e9 des temp\u00e9raments.[\/vc_column_text][vc_empty_space height=\u00a0\u00bb30px\u00a0\u00bb][vc_column_text]Dans la vie de l\u2019\u00e9cole, on suscite le <strong>souci du bien commun<\/strong>, le sens de la responsabilit\u00e9 et l&rsquo;esprit d&rsquo;initiative.[\/vc_column_text][vc_empty_space height=\u00a0\u00bb30px\u00a0\u00bb][vc_column_text]<strong>L\u2019initiation \u00e0 la beaut\u00e9 est un compl\u00e9ment n\u00e9cessaire \u00e0 l&rsquo;introduction \u00e0 la v\u00e9rit\u00e9\u00a0<\/strong>: les \u00e9l\u00e8ves d\u00e9veloppent leurs talents en participant \u00e0 diverses activit\u00e9s : arts plastiques, th\u00e9\u00e2tre, chant, concours d&rsquo;\u00e9loquence\u2026[\/vc_column_text][vc_empty_space height=\u00a0\u00bb50px\u00a0\u00bb][\/vc_column][vc_column width=\u00a0\u00bb1\/2&Prime;][vc_single_image image=\u00a0\u00bb455&Prime; img_size=\u00a0\u00bbfull\u00a0\u00bb alignment=\u00a0\u00bbcenter\u00a0\u00bb style=\u00a0\u00bbvc_box_shadow_border\u00a0\u00bb qode_css_animation=\u00a0\u00bb\u00a0\u00bb][\/vc_column][\/vc_row][vc_row css_animation=\u00a0\u00bb\u00a0\u00bb row_type=\u00a0\u00bbrow\u00a0\u00bb use_row_as_full_screen_section=\u00a0\u00bbno\u00a0\u00bb type=\u00a0\u00bbfull_width\u00a0\u00bb angled_section=\u00a0\u00bbno\u00a0\u00bb text_align=\u00a0\u00bbleft\u00a0\u00bb background_image_as_pattern=\u00a0\u00bbwithout_pattern\u00a0\u00bb][vc_column][vc_column_text]<\/p>\n<p style=\"text-align: center;\">Les \u00e9l\u00e8ves apprennent \u00e0 <strong>mettre leurs richesses au service des autres<\/strong> \u00e0 travers diverses rencontres, dans les maisons de retraite par exemple, pour apporter aux personnes \u00e2g\u00e9es ou handicap\u00e9es le soutien d&rsquo;une jeunesse vivante et gaie.<\/p>\n<p style=\"text-align: center;\"><strong>L&rsquo;\u00e9cole favorise enfin les occasions d&rsquo;initiatives culturelles ou sociales<\/strong> qui sensibilisent les \u00e9l\u00e8ves aux probl\u00e8mes civiques.<\/p>\n<p>[\/vc_column_text][vc_empty_space height=\u00a0\u00bb50px\u00a0\u00bb][\/vc_column][\/vc_row]<\/p>\n","protected":false},"excerpt":{"rendered":"<p>[vc_row css_animation=\u00a0\u00bb\u00a0\u00bb row_type=\u00a0\u00bbrow\u00a0\u00bb use_row_as_full_screen_section=\u00a0\u00bbno\u00a0\u00bb type=\u00a0\u00bbgrid\u00a0\u00bb angled_section=\u00a0\u00bbno\u00a0\u00bb text_align=\u00a0\u00bbleft\u00a0\u00bb background_image_as_pattern=\u00a0\u00bbwithout_pattern\u00a0\u00bb padding_top=\u00a0\u00bb119&Prime; padding_bottom=\u00a0\u00bb35&Prime; z_index=\u00a0\u00bb\u00a0\u00bb][vc_column width=\u00a0\u00bb1\/2&Prime; offset=\u00a0\u00bbvc_col-md-6&Prime;][vc_column_text] \u00c9ducation \u00e0 la Foi [\/vc_column_text][vc_separator type=\u00a0\u00bbsmall\u00a0\u00bb position=\u00a0\u00bbleft\u00a0\u00bb color=\u00a0\u00bb#fab012&Prime; thickness=\u00a0\u00bb4&Prime; width=\u00a0\u00bb48&Prime; up=\u00a0\u00bb17&Prime; down=\u00a0\u00bb27&Prime;][vc_column_text] &#8211; Abb\u00e9 Berto &#8211; [\/vc_column_text][vc_empty_space height=\u00a0\u00bb40px\u00a0\u00bb][vc_column_text]Un programme de cat\u00e9chisme est \u00e9tabli pour chaque niveau de classe, en vue d\u2019une connaissance&#8230;<\/p>\n","protected":false},"author":1,"featured_media":0,"parent":0,"menu_order":0,"comment_status":"closed","ping_status":"closed","template":"","meta":[],"yoast_head":"<!-- This site is optimized with the Yoast SEO plugin v16.9 - https:\/\/yoast.com\/wordpress\/plugins\/seo\/ -->\n<meta name=\"robots\" content=\"index, follow, max-snippet:-1, max-image-preview:large, max-video-preview:-1\" \/>\n<link rel=\"canonical\" href=\"https:\/\/st-pie-x.dominicaines-du-saint-esprit.fr\/index.php\/le-projet-pedagogique\/\" \/>\n<meta property=\"og:locale\" content=\"fr_FR\" \/>\n<meta property=\"og:type\" content=\"article\" \/>\n<meta property=\"og:title\" content=\"Le projet p\u00e9dagogique - Institution Saint-Pie X\" \/>\n<meta property=\"og:description\" content=\"[vc_row css_animation=\u00a0\u00bb\u00a0\u00bb row_type=\u00a0\u00bbrow\u00a0\u00bb use_row_as_full_screen_section=\u00a0\u00bbno\u00a0\u00bb type=\u00a0\u00bbgrid\u00a0\u00bb angled_section=\u00a0\u00bbno\u00a0\u00bb text_align=\u00a0\u00bbleft\u00a0\u00bb background_image_as_pattern=\u00a0\u00bbwithout_pattern\u00a0\u00bb padding_top=\u00a0\u00bb119&Prime; padding_bottom=\u00a0\u00bb35&Prime; z_index=\u00a0\u00bb\u00a0\u00bb][vc_column width=\u00a0\u00bb1\/2&Prime; offset=\u00a0\u00bbvc_col-md-6&Prime;][vc_column_text] \u00c9ducation \u00e0 la Foi [\/vc_column_text][vc_separator type=\u00a0\u00bbsmall\u00a0\u00bb position=\u00a0\u00bbleft\u00a0\u00bb color=\u00a0\u00bb#fab012&Prime; thickness=\u00a0\u00bb4&Prime; width=\u00a0\u00bb48&Prime; up=\u00a0\u00bb17&Prime; down=\u00a0\u00bb27&Prime;][vc_column_text] &#8211; Abb\u00e9 Berto &#8211; [\/vc_column_text][vc_empty_space height=\u00a0\u00bb40px\u00a0\u00bb][vc_column_text]Un programme de cat\u00e9chisme est \u00e9tabli pour chaque niveau de classe, en vue d\u2019une connaissance...\" \/>\n<meta property=\"og:url\" content=\"https:\/\/st-pie-x.dominicaines-du-saint-esprit.fr\/index.php\/le-projet-pedagogique\/\" \/>\n<meta property=\"og:site_name\" content=\"Institution Saint-Pie X\" \/>\n<meta property=\"article:modified_time\" content=\"2019-05-16T09:33:28+00:00\" \/>\n<meta name=\"twitter:card\" content=\"summary_large_image\" \/>\n<meta name=\"twitter:label1\" content=\"Dur\u00e9e de lecture est.\" \/>\n\t<meta name=\"twitter:data1\" content=\"5 minutes\" \/>\n<script type=\"application\/ld+json\" class=\"yoast-schema-graph\">{\"@context\":\"https:\/\/schema.org\",\"@graph\":[{\"@type\":\"Organization\",\"@id\":\"https:\/\/st-pie-x.dominicaines-du-saint-esprit.fr\/#organization\",\"name\":\"Institution Saint-Pie X\",\"url\":\"https:\/\/st-pie-x.dominicaines-du-saint-esprit.fr\/\",\"sameAs\":[],\"logo\":{\"@type\":\"ImageObject\",\"@id\":\"https:\/\/st-pie-x.dominicaines-du-saint-esprit.fr\/#logo\",\"inLanguage\":\"fr-FR\",\"url\":\"https:\/\/st-pie-x.dominicaines-du-saint-esprit.fr\/wp-content\/uploads\/2018\/10\/logo-dominicaines.png\",\"contentUrl\":\"https:\/\/st-pie-x.dominicaines-du-saint-esprit.fr\/wp-content\/uploads\/2018\/10\/logo-dominicaines.png\",\"width\":90,\"height\":120,\"caption\":\"Institution Saint-Pie X\"},\"image\":{\"@id\":\"https:\/\/st-pie-x.dominicaines-du-saint-esprit.fr\/#logo\"}},{\"@type\":\"WebSite\",\"@id\":\"https:\/\/st-pie-x.dominicaines-du-saint-esprit.fr\/#website\",\"url\":\"https:\/\/st-pie-x.dominicaines-du-saint-esprit.fr\/\",\"name\":\"Institution Saint-Pie X\",\"description\":\"Dominicaines du Saint-Esprit\",\"publisher\":{\"@id\":\"https:\/\/st-pie-x.dominicaines-du-saint-esprit.fr\/#organization\"},\"potentialAction\":[{\"@type\":\"SearchAction\",\"target\":{\"@type\":\"EntryPoint\",\"urlTemplate\":\"https:\/\/st-pie-x.dominicaines-du-saint-esprit.fr\/?s={search_term_string}\"},\"query-input\":\"required name=search_term_string\"}],\"inLanguage\":\"fr-FR\"},{\"@type\":\"WebPage\",\"@id\":\"https:\/\/st-pie-x.dominicaines-du-saint-esprit.fr\/index.php\/le-projet-pedagogique\/#webpage\",\"url\":\"https:\/\/st-pie-x.dominicaines-du-saint-esprit.fr\/index.php\/le-projet-pedagogique\/\",\"name\":\"Le projet p\\u00e9dagogique - Institution Saint-Pie X\",\"isPartOf\":{\"@id\":\"https:\/\/st-pie-x.dominicaines-du-saint-esprit.fr\/#website\"},\"datePublished\":\"2019-03-15T16:43:40+00:00\",\"dateModified\":\"2019-05-16T09:33:28+00:00\",\"breadcrumb\":{\"@id\":\"https:\/\/st-pie-x.dominicaines-du-saint-esprit.fr\/index.php\/le-projet-pedagogique\/#breadcrumb\"},\"inLanguage\":\"fr-FR\",\"potentialAction\":[{\"@type\":\"ReadAction\",\"target\":[\"https:\/\/st-pie-x.dominicaines-du-saint-esprit.fr\/index.php\/le-projet-pedagogique\/\"]}]},{\"@type\":\"BreadcrumbList\",\"@id\":\"https:\/\/st-pie-x.dominicaines-du-saint-esprit.fr\/index.php\/le-projet-pedagogique\/#breadcrumb\",\"itemListElement\":[{\"@type\":\"ListItem\",\"position\":1,\"name\":\"Accueil\",\"item\":\"https:\/\/st-pie-x.dominicaines-du-saint-esprit.fr\/\"},{\"@type\":\"ListItem\",\"position\":2,\"name\":\"Le projet p\\u00e9dagogique\"}]}]}<\/script>\n<!-- \/ Yoast SEO plugin. -->","yoast_head_json":{"robots":{"index":"index","follow":"follow","max-snippet":"max-snippet:-1","max-image-preview":"max-image-preview:large","max-video-preview":"max-video-preview:-1"},"canonical":"https:\/\/st-pie-x.dominicaines-du-saint-esprit.fr\/index.php\/le-projet-pedagogique\/","og_locale":"fr_FR","og_type":"article","og_title":"Le projet p\u00e9dagogique - Institution Saint-Pie X","og_description":"[vc_row css_animation=\u00a0\u00bb\u00a0\u00bb row_type=\u00a0\u00bbrow\u00a0\u00bb use_row_as_full_screen_section=\u00a0\u00bbno\u00a0\u00bb type=\u00a0\u00bbgrid\u00a0\u00bb angled_section=\u00a0\u00bbno\u00a0\u00bb text_align=\u00a0\u00bbleft\u00a0\u00bb background_image_as_pattern=\u00a0\u00bbwithout_pattern\u00a0\u00bb padding_top=\u00a0\u00bb119&Prime; padding_bottom=\u00a0\u00bb35&Prime; z_index=\u00a0\u00bb\u00a0\u00bb][vc_column width=\u00a0\u00bb1\/2&Prime; offset=\u00a0\u00bbvc_col-md-6&Prime;][vc_column_text] \u00c9ducation \u00e0 la Foi [\/vc_column_text][vc_separator type=\u00a0\u00bbsmall\u00a0\u00bb position=\u00a0\u00bbleft\u00a0\u00bb color=\u00a0\u00bb#fab012&Prime; thickness=\u00a0\u00bb4&Prime; width=\u00a0\u00bb48&Prime; up=\u00a0\u00bb17&Prime; down=\u00a0\u00bb27&Prime;][vc_column_text] &#8211; Abb\u00e9 Berto &#8211; [\/vc_column_text][vc_empty_space height=\u00a0\u00bb40px\u00a0\u00bb][vc_column_text]Un programme de cat\u00e9chisme est \u00e9tabli pour chaque niveau de classe, en vue d\u2019une connaissance...","og_url":"https:\/\/st-pie-x.dominicaines-du-saint-esprit.fr\/index.php\/le-projet-pedagogique\/","og_site_name":"Institution Saint-Pie X","article_modified_time":"2019-05-16T09:33:28+00:00","twitter_card":"summary_large_image","twitter_misc":{"Dur\u00e9e de lecture est.":"5 minutes"},"schema":{"@context":"https:\/\/schema.org","@graph":[{"@type":"Organization","@id":"https:\/\/st-pie-x.dominicaines-du-saint-esprit.fr\/#organization","name":"Institution Saint-Pie X","url":"https:\/\/st-pie-x.dominicaines-du-saint-esprit.fr\/","sameAs":[],"logo":{"@type":"ImageObject","@id":"https:\/\/st-pie-x.dominicaines-du-saint-esprit.fr\/#logo","inLanguage":"fr-FR","url":"https:\/\/st-pie-x.dominicaines-du-saint-esprit.fr\/wp-content\/uploads\/2018\/10\/logo-dominicaines.png","contentUrl":"https:\/\/st-pie-x.dominicaines-du-saint-esprit.fr\/wp-content\/uploads\/2018\/10\/logo-dominicaines.png","width":90,"height":120,"caption":"Institution Saint-Pie X"},"image":{"@id":"https:\/\/st-pie-x.dominicaines-du-saint-esprit.fr\/#logo"}},{"@type":"WebSite","@id":"https:\/\/st-pie-x.dominicaines-du-saint-esprit.fr\/#website","url":"https:\/\/st-pie-x.dominicaines-du-saint-esprit.fr\/","name":"Institution Saint-Pie X","description":"Dominicaines du Saint-Esprit","publisher":{"@id":"https:\/\/st-pie-x.dominicaines-du-saint-esprit.fr\/#organization"},"potentialAction":[{"@type":"SearchAction","target":{"@type":"EntryPoint","urlTemplate":"https:\/\/st-pie-x.dominicaines-du-saint-esprit.fr\/?s={search_term_string}"},"query-input":"required name=search_term_string"}],"inLanguage":"fr-FR"},{"@type":"WebPage","@id":"https:\/\/st-pie-x.dominicaines-du-saint-esprit.fr\/index.php\/le-projet-pedagogique\/#webpage","url":"https:\/\/st-pie-x.dominicaines-du-saint-esprit.fr\/index.php\/le-projet-pedagogique\/","name":"Le projet p\u00e9dagogique - Institution Saint-Pie X","isPartOf":{"@id":"https:\/\/st-pie-x.dominicaines-du-saint-esprit.fr\/#website"},"datePublished":"2019-03-15T16:43:40+00:00","dateModified":"2019-05-16T09:33:28+00:00","breadcrumb":{"@id":"https:\/\/st-pie-x.dominicaines-du-saint-esprit.fr\/index.php\/le-projet-pedagogique\/#breadcrumb"},"inLanguage":"fr-FR","potentialAction":[{"@type":"ReadAction","target":["https:\/\/st-pie-x.dominicaines-du-saint-esprit.fr\/index.php\/le-projet-pedagogique\/"]}]},{"@type":"BreadcrumbList","@id":"https:\/\/st-pie-x.dominicaines-du-saint-esprit.fr\/index.php\/le-projet-pedagogique\/#breadcrumb","itemListElement":[{"@type":"ListItem","position":1,"name":"Accueil","item":"https:\/\/st-pie-x.dominicaines-du-saint-esprit.fr\/"},{"@type":"ListItem","position":2,"name":"Le projet p\u00e9dagogique"}]}]}},"_links":{"self":[{"href":"https:\/\/st-pie-x.dominicaines-du-saint-esprit.fr\/index.php\/wp-json\/wp\/v2\/pages\/424"}],"collection":[{"href":"https:\/\/st-pie-x.dominicaines-du-saint-esprit.fr\/index.php\/wp-json\/wp\/v2\/pages"}],"about":[{"href":"https:\/\/st-pie-x.dominicaines-du-saint-esprit.fr\/index.php\/wp-json\/wp\/v2\/types\/page"}],"author":[{"embeddable":true,"href":"https:\/\/st-pie-x.dominicaines-du-saint-esprit.fr\/index.php\/wp-json\/wp\/v2\/users\/1"}],"replies":[{"embeddable":true,"href":"https:\/\/st-pie-x.dominicaines-du-saint-esprit.fr\/index.php\/wp-json\/wp\/v2\/comments?post=424"}],"version-history":[{"count":10,"href":"https:\/\/st-pie-x.dominicaines-du-saint-esprit.fr\/index.php\/wp-json\/wp\/v2\/pages\/424\/revisions"}],"predecessor-version":[{"id":801,"href":"https:\/\/st-pie-x.dominicaines-du-saint-esprit.fr\/index.php\/wp-json\/wp\/v2\/pages\/424\/revisions\/801"}],"wp:attachment":[{"href":"https:\/\/st-pie-x.dominicaines-du-saint-esprit.fr\/index.php\/wp-json\/wp\/v2\/media?parent=424"}],"curies":[{"name":"wp","href":"https:\/\/api.w.org\/{rel}","templated":true}]}}