{"id":426,"date":"2019-03-15T17:44:11","date_gmt":"2019-03-15T16:44:11","guid":{"rendered":"https:\/\/st-pie-x.dominicaines-du-saint-esprit.fr\/?page_id=426"},"modified":"2019-05-16T11:44:40","modified_gmt":"2019-05-16T09:44:40","slug":"la-communaute-educative","status":"publish","type":"page","link":"https:\/\/st-pie-x.dominicaines-du-saint-esprit.fr\/index.php\/la-communaute-educative\/","title":{"rendered":"La communaut\u00e9 \u00e9ducative"},"content":{"rendered":"<p>[vc_row css_animation=\u00a0\u00bb\u00a0\u00bb row_type=\u00a0\u00bbrow\u00a0\u00bb use_row_as_full_screen_section=\u00a0\u00bbno\u00a0\u00bb type=\u00a0\u00bbfull_width\u00a0\u00bb angled_section=\u00a0\u00bbno\u00a0\u00bb text_align=\u00a0\u00bbleft\u00a0\u00bb background_image_as_pattern=\u00a0\u00bbwithout_pattern\u00a0\u00bb][vc_column][vc_empty_space][\/vc_column][\/vc_row][vc_row css_animation=\u00a0\u00bb\u00a0\u00bb row_type=\u00a0\u00bbrow\u00a0\u00bb use_row_as_full_screen_section=\u00a0\u00bbno\u00a0\u00bb type=\u00a0\u00bbfull_width\u00a0\u00bb angled_section=\u00a0\u00bbno\u00a0\u00bb text_align=\u00a0\u00bbleft\u00a0\u00bb background_image_as_pattern=\u00a0\u00bbwithout_pattern\u00a0\u00bb][vc_column width=\u00a0\u00bb1\/3&Prime;][vc_column_text]<\/p>\n<p class=\"p1\"><span class=\"s1\">Les Dominicaines du Saint-Esprit dirigent chacune de leurs maisons, en collaboration \u00e9troite avec les pr\u00eatres qui assurent l\u2019aum\u00f4nerie et avec l\u2019ensemble du corps professoral. <\/span><\/p>\n<p>[\/vc_column_text][vc_empty_space][vc_single_image image=\u00a0\u00bb803&Prime; img_size=\u00a0\u00bbfull\u00a0\u00bb alignment=\u00a0\u00bbcenter\u00a0\u00bb style=\u00a0\u00bbvc_box_shadow_border\u00a0\u00bb qode_css_animation=\u00a0\u00bb\u00a0\u00bb][vc_empty_space][\/vc_column][vc_column width=\u00a0\u00bb1\/3&Prime;][vc_column_text]<\/p>\n<p class=\"p1\"><span class=\"s1\">A Saint-Pie X, les cours et les surveillances sont assur\u00e9s par les M\u00e8res et par une cinquantaine de professeurs la\u00efcs, tous tr\u00e8s engag\u00e9s dans le projet \u00e9ducatif de l\u2019\u00e9tablissement.<\/span><\/p>\n<p>&nbsp;<\/p>\n<p>[\/vc_column_text][vc_empty_space][vc_single_image image=\u00a0\u00bb805&Prime; img_size=\u00a0\u00bbfull\u00a0\u00bb alignment=\u00a0\u00bbcenter\u00a0\u00bb style=\u00a0\u00bbvc_box_shadow_border\u00a0\u00bb qode_css_animation=\u00a0\u00bb\u00a0\u00bb][vc_column_text]<\/p>\n<p class=\"p1\"><em><span class=\"s1\">Les professeurs au travail, lors d\u2019une r\u00e9union p\u00e9dagogique le jour de la pr\u00e9rentr\u00e9e<\/span><\/em><\/p>\n<p>[\/vc_column_text][vc_empty_space][\/vc_column][vc_column width=\u00a0\u00bb1\/3&Prime;][vc_column_text]<\/p>\n<p class=\"p1\"><span class=\"s1\">L&rsquo;\u00e9ducation dispens\u00e9e au sein de l&rsquo;\u00e9tablissement tire son efficacit\u00e9 de l\u2019\u00e9troite collaboration et de l\u2019harmonie r\u00e9elle entre les parents et les \u00e9ducateurs.<\/span><\/p>\n<p>&nbsp;<\/p>\n<p>[\/vc_column_text][vc_empty_space][vc_single_image image=\u00a0\u00bb804&Prime; img_size=\u00a0\u00bbfull\u00a0\u00bb alignment=\u00a0\u00bbcenter\u00a0\u00bb style=\u00a0\u00bbvc_box_shadow_border\u00a0\u00bb qode_css_animation=\u00a0\u00bb\u00a0\u00bb][vc_empty_space][\/vc_column][\/vc_row]<\/p>\n","protected":false},"excerpt":{"rendered":"<p>[vc_row css_animation=\u00a0\u00bb\u00a0\u00bb row_type=\u00a0\u00bbrow\u00a0\u00bb use_row_as_full_screen_section=\u00a0\u00bbno\u00a0\u00bb type=\u00a0\u00bbfull_width\u00a0\u00bb angled_section=\u00a0\u00bbno\u00a0\u00bb text_align=\u00a0\u00bbleft\u00a0\u00bb background_image_as_pattern=\u00a0\u00bbwithout_pattern\u00a0\u00bb][vc_column][vc_empty_space][\/vc_column][\/vc_row][vc_row css_animation=\u00a0\u00bb\u00a0\u00bb row_type=\u00a0\u00bbrow\u00a0\u00bb use_row_as_full_screen_section=\u00a0\u00bbno\u00a0\u00bb type=\u00a0\u00bbfull_width\u00a0\u00bb angled_section=\u00a0\u00bbno\u00a0\u00bb text_align=\u00a0\u00bbleft\u00a0\u00bb background_image_as_pattern=\u00a0\u00bbwithout_pattern\u00a0\u00bb][vc_column width=\u00a0\u00bb1\/3&Prime;][vc_column_text] Les Dominicaines du Saint-Esprit dirigent chacune de leurs maisons, en collaboration \u00e9troite avec les pr\u00eatres qui assurent l\u2019aum\u00f4nerie et avec l\u2019ensemble du corps professoral. [\/vc_column_text][vc_empty_space][vc_single_image image=\u00a0\u00bb803&Prime; img_size=\u00a0\u00bbfull\u00a0\u00bb alignment=\u00a0\u00bbcenter\u00a0\u00bb style=\u00a0\u00bbvc_box_shadow_border\u00a0\u00bb&#8230;<\/p>\n","protected":false},"author":1,"featured_media":0,"parent":0,"menu_order":0,"comment_status":"closed","ping_status":"closed","template":"","meta":[],"yoast_head":"<!-- This site is optimized with the Yoast SEO plugin v16.9 - https:\/\/yoast.com\/wordpress\/plugins\/seo\/ -->\n<meta name=\"robots\" content=\"index, follow, max-snippet:-1, max-image-preview:large, max-video-preview:-1\" \/>\n<link rel=\"canonical\" href=\"https:\/\/st-pie-x.dominicaines-du-saint-esprit.fr\/index.php\/la-communaute-educative\/\" \/>\n<meta property=\"og:locale\" content=\"fr_FR\" \/>\n<meta property=\"og:type\" content=\"article\" \/>\n<meta property=\"og:title\" content=\"La communaut\u00e9 \u00e9ducative - Institution Saint-Pie X\" \/>\n<meta property=\"og:description\" content=\"[vc_row css_animation=\u00a0\u00bb\u00a0\u00bb row_type=\u00a0\u00bbrow\u00a0\u00bb use_row_as_full_screen_section=\u00a0\u00bbno\u00a0\u00bb type=\u00a0\u00bbfull_width\u00a0\u00bb angled_section=\u00a0\u00bbno\u00a0\u00bb text_align=\u00a0\u00bbleft\u00a0\u00bb background_image_as_pattern=\u00a0\u00bbwithout_pattern\u00a0\u00bb][vc_column][vc_empty_space][\/vc_column][\/vc_row][vc_row css_animation=\u00a0\u00bb\u00a0\u00bb row_type=\u00a0\u00bbrow\u00a0\u00bb use_row_as_full_screen_section=\u00a0\u00bbno\u00a0\u00bb type=\u00a0\u00bbfull_width\u00a0\u00bb angled_section=\u00a0\u00bbno\u00a0\u00bb text_align=\u00a0\u00bbleft\u00a0\u00bb background_image_as_pattern=\u00a0\u00bbwithout_pattern\u00a0\u00bb][vc_column width=\u00a0\u00bb1\/3&Prime;][vc_column_text] Les Dominicaines du Saint-Esprit dirigent chacune de leurs maisons, en collaboration \u00e9troite avec les pr\u00eatres qui assurent l\u2019aum\u00f4nerie et avec l\u2019ensemble du corps professoral. [\/vc_column_text][vc_empty_space][vc_single_image image=\u00a0\u00bb803&Prime; img_size=\u00a0\u00bbfull\u00a0\u00bb alignment=\u00a0\u00bbcenter\u00a0\u00bb style=\u00a0\u00bbvc_box_shadow_border\u00a0\u00bb...\" \/>\n<meta property=\"og:url\" content=\"https:\/\/st-pie-x.dominicaines-du-saint-esprit.fr\/index.php\/la-communaute-educative\/\" \/>\n<meta property=\"og:site_name\" content=\"Institution Saint-Pie X\" \/>\n<meta property=\"article:modified_time\" content=\"2019-05-16T09:44:40+00:00\" \/>\n<meta name=\"twitter:card\" content=\"summary_large_image\" \/>\n<meta name=\"twitter:label1\" content=\"Dur\u00e9e de lecture est.\" \/>\n\t<meta name=\"twitter:data1\" content=\"1 minute\" \/>\n<script type=\"application\/ld+json\" class=\"yoast-schema-graph\">{\"@context\":\"https:\/\/schema.org\",\"@graph\":[{\"@type\":\"Organization\",\"@id\":\"https:\/\/st-pie-x.dominicaines-du-saint-esprit.fr\/#organization\",\"name\":\"Institution Saint-Pie X\",\"url\":\"https:\/\/st-pie-x.dominicaines-du-saint-esprit.fr\/\",\"sameAs\":[],\"logo\":{\"@type\":\"ImageObject\",\"@id\":\"https:\/\/st-pie-x.dominicaines-du-saint-esprit.fr\/#logo\",\"inLanguage\":\"fr-FR\",\"url\":\"https:\/\/st-pie-x.dominicaines-du-saint-esprit.fr\/wp-content\/uploads\/2018\/10\/logo-dominicaines.png\",\"contentUrl\":\"https:\/\/st-pie-x.dominicaines-du-saint-esprit.fr\/wp-content\/uploads\/2018\/10\/logo-dominicaines.png\",\"width\":90,\"height\":120,\"caption\":\"Institution Saint-Pie X\"},\"image\":{\"@id\":\"https:\/\/st-pie-x.dominicaines-du-saint-esprit.fr\/#logo\"}},{\"@type\":\"WebSite\",\"@id\":\"https:\/\/st-pie-x.dominicaines-du-saint-esprit.fr\/#website\",\"url\":\"https:\/\/st-pie-x.dominicaines-du-saint-esprit.fr\/\",\"name\":\"Institution Saint-Pie X\",\"description\":\"Dominicaines du Saint-Esprit\",\"publisher\":{\"@id\":\"https:\/\/st-pie-x.dominicaines-du-saint-esprit.fr\/#organization\"},\"potentialAction\":[{\"@type\":\"SearchAction\",\"target\":{\"@type\":\"EntryPoint\",\"urlTemplate\":\"https:\/\/st-pie-x.dominicaines-du-saint-esprit.fr\/?s={search_term_string}\"},\"query-input\":\"required name=search_term_string\"}],\"inLanguage\":\"fr-FR\"},{\"@type\":\"WebPage\",\"@id\":\"https:\/\/st-pie-x.dominicaines-du-saint-esprit.fr\/index.php\/la-communaute-educative\/#webpage\",\"url\":\"https:\/\/st-pie-x.dominicaines-du-saint-esprit.fr\/index.php\/la-communaute-educative\/\",\"name\":\"La communaut\\u00e9 \\u00e9ducative - Institution Saint-Pie X\",\"isPartOf\":{\"@id\":\"https:\/\/st-pie-x.dominicaines-du-saint-esprit.fr\/#website\"},\"datePublished\":\"2019-03-15T16:44:11+00:00\",\"dateModified\":\"2019-05-16T09:44:40+00:00\",\"breadcrumb\":{\"@id\":\"https:\/\/st-pie-x.dominicaines-du-saint-esprit.fr\/index.php\/la-communaute-educative\/#breadcrumb\"},\"inLanguage\":\"fr-FR\",\"potentialAction\":[{\"@type\":\"ReadAction\",\"target\":[\"https:\/\/st-pie-x.dominicaines-du-saint-esprit.fr\/index.php\/la-communaute-educative\/\"]}]},{\"@type\":\"BreadcrumbList\",\"@id\":\"https:\/\/st-pie-x.dominicaines-du-saint-esprit.fr\/index.php\/la-communaute-educative\/#breadcrumb\",\"itemListElement\":[{\"@type\":\"ListItem\",\"position\":1,\"name\":\"Accueil\",\"item\":\"https:\/\/st-pie-x.dominicaines-du-saint-esprit.fr\/\"},{\"@type\":\"ListItem\",\"position\":2,\"name\":\"La communaut\\u00e9 \\u00e9ducative\"}]}]}<\/script>\n<!-- \/ Yoast SEO plugin. -->","yoast_head_json":{"robots":{"index":"index","follow":"follow","max-snippet":"max-snippet:-1","max-image-preview":"max-image-preview:large","max-video-preview":"max-video-preview:-1"},"canonical":"https:\/\/st-pie-x.dominicaines-du-saint-esprit.fr\/index.php\/la-communaute-educative\/","og_locale":"fr_FR","og_type":"article","og_title":"La communaut\u00e9 \u00e9ducative - Institution Saint-Pie X","og_description":"[vc_row css_animation=\u00a0\u00bb\u00a0\u00bb row_type=\u00a0\u00bbrow\u00a0\u00bb use_row_as_full_screen_section=\u00a0\u00bbno\u00a0\u00bb type=\u00a0\u00bbfull_width\u00a0\u00bb angled_section=\u00a0\u00bbno\u00a0\u00bb text_align=\u00a0\u00bbleft\u00a0\u00bb background_image_as_pattern=\u00a0\u00bbwithout_pattern\u00a0\u00bb][vc_column][vc_empty_space][\/vc_column][\/vc_row][vc_row css_animation=\u00a0\u00bb\u00a0\u00bb row_type=\u00a0\u00bbrow\u00a0\u00bb use_row_as_full_screen_section=\u00a0\u00bbno\u00a0\u00bb type=\u00a0\u00bbfull_width\u00a0\u00bb angled_section=\u00a0\u00bbno\u00a0\u00bb text_align=\u00a0\u00bbleft\u00a0\u00bb background_image_as_pattern=\u00a0\u00bbwithout_pattern\u00a0\u00bb][vc_column width=\u00a0\u00bb1\/3&Prime;][vc_column_text] Les Dominicaines du Saint-Esprit dirigent chacune de leurs maisons, en collaboration \u00e9troite avec les pr\u00eatres qui assurent l\u2019aum\u00f4nerie et avec l\u2019ensemble du corps professoral. [\/vc_column_text][vc_empty_space][vc_single_image image=\u00a0\u00bb803&Prime; img_size=\u00a0\u00bbfull\u00a0\u00bb alignment=\u00a0\u00bbcenter\u00a0\u00bb style=\u00a0\u00bbvc_box_shadow_border\u00a0\u00bb...","og_url":"https:\/\/st-pie-x.dominicaines-du-saint-esprit.fr\/index.php\/la-communaute-educative\/","og_site_name":"Institution Saint-Pie X","article_modified_time":"2019-05-16T09:44:40+00:00","twitter_card":"summary_large_image","twitter_misc":{"Dur\u00e9e de lecture est.":"1 minute"},"schema":{"@context":"https:\/\/schema.org","@graph":[{"@type":"Organization","@id":"https:\/\/st-pie-x.dominicaines-du-saint-esprit.fr\/#organization","name":"Institution Saint-Pie X","url":"https:\/\/st-pie-x.dominicaines-du-saint-esprit.fr\/","sameAs":[],"logo":{"@type":"ImageObject","@id":"https:\/\/st-pie-x.dominicaines-du-saint-esprit.fr\/#logo","inLanguage":"fr-FR","url":"https:\/\/st-pie-x.dominicaines-du-saint-esprit.fr\/wp-content\/uploads\/2018\/10\/logo-dominicaines.png","contentUrl":"https:\/\/st-pie-x.dominicaines-du-saint-esprit.fr\/wp-content\/uploads\/2018\/10\/logo-dominicaines.png","width":90,"height":120,"caption":"Institution Saint-Pie X"},"image":{"@id":"https:\/\/st-pie-x.dominicaines-du-saint-esprit.fr\/#logo"}},{"@type":"WebSite","@id":"https:\/\/st-pie-x.dominicaines-du-saint-esprit.fr\/#website","url":"https:\/\/st-pie-x.dominicaines-du-saint-esprit.fr\/","name":"Institution Saint-Pie X","description":"Dominicaines du Saint-Esprit","publisher":{"@id":"https:\/\/st-pie-x.dominicaines-du-saint-esprit.fr\/#organization"},"potentialAction":[{"@type":"SearchAction","target":{"@type":"EntryPoint","urlTemplate":"https:\/\/st-pie-x.dominicaines-du-saint-esprit.fr\/?s={search_term_string}"},"query-input":"required name=search_term_string"}],"inLanguage":"fr-FR"},{"@type":"WebPage","@id":"https:\/\/st-pie-x.dominicaines-du-saint-esprit.fr\/index.php\/la-communaute-educative\/#webpage","url":"https:\/\/st-pie-x.dominicaines-du-saint-esprit.fr\/index.php\/la-communaute-educative\/","name":"La communaut\u00e9 \u00e9ducative - Institution Saint-Pie X","isPartOf":{"@id":"https:\/\/st-pie-x.dominicaines-du-saint-esprit.fr\/#website"},"datePublished":"2019-03-15T16:44:11+00:00","dateModified":"2019-05-16T09:44:40+00:00","breadcrumb":{"@id":"https:\/\/st-pie-x.dominicaines-du-saint-esprit.fr\/index.php\/la-communaute-educative\/#breadcrumb"},"inLanguage":"fr-FR","potentialAction":[{"@type":"ReadAction","target":["https:\/\/st-pie-x.dominicaines-du-saint-esprit.fr\/index.php\/la-communaute-educative\/"]}]},{"@type":"BreadcrumbList","@id":"https:\/\/st-pie-x.dominicaines-du-saint-esprit.fr\/index.php\/la-communaute-educative\/#breadcrumb","itemListElement":[{"@type":"ListItem","position":1,"name":"Accueil","item":"https:\/\/st-pie-x.dominicaines-du-saint-esprit.fr\/"},{"@type":"ListItem","position":2,"name":"La communaut\u00e9 \u00e9ducative"}]}]}},"_links":{"self":[{"href":"https:\/\/st-pie-x.dominicaines-du-saint-esprit.fr\/index.php\/wp-json\/wp\/v2\/pages\/426"}],"collection":[{"href":"https:\/\/st-pie-x.dominicaines-du-saint-esprit.fr\/index.php\/wp-json\/wp\/v2\/pages"}],"about":[{"href":"https:\/\/st-pie-x.dominicaines-du-saint-esprit.fr\/index.php\/wp-json\/wp\/v2\/types\/page"}],"author":[{"embeddable":true,"href":"https:\/\/st-pie-x.dominicaines-du-saint-esprit.fr\/index.php\/wp-json\/wp\/v2\/users\/1"}],"replies":[{"embeddable":true,"href":"https:\/\/st-pie-x.dominicaines-du-saint-esprit.fr\/index.php\/wp-json\/wp\/v2\/comments?post=426"}],"version-history":[{"count":6,"href":"https:\/\/st-pie-x.dominicaines-du-saint-esprit.fr\/index.php\/wp-json\/wp\/v2\/pages\/426\/revisions"}],"predecessor-version":[{"id":807,"href":"https:\/\/st-pie-x.dominicaines-du-saint-esprit.fr\/index.php\/wp-json\/wp\/v2\/pages\/426\/revisions\/807"}],"wp:attachment":[{"href":"https:\/\/st-pie-x.dominicaines-du-saint-esprit.fr\/index.php\/wp-json\/wp\/v2\/media?parent=426"}],"curies":[{"name":"wp","href":"https:\/\/api.w.org\/{rel}","templated":true}]}}