{"id":683,"date":"2019-05-06T12:50:11","date_gmt":"2019-05-06T10:50:11","guid":{"rendered":"https:\/\/st-pie-x.dominicaines-du-saint-esprit.fr\/?page_id=683"},"modified":"2019-09-29T20:25:50","modified_gmt":"2019-09-29T18:25:50","slug":"formation","status":"publish","type":"page","link":"https:\/\/st-pie-x.dominicaines-du-saint-esprit.fr\/index.php\/formation\/","title":{"rendered":"Formation"},"content":{"rendered":"<p>[vc_row css_animation=\u00a0\u00bb\u00a0\u00bb row_type=\u00a0\u00bbrow\u00a0\u00bb use_row_as_full_screen_section=\u00a0\u00bbno\u00a0\u00bb type=\u00a0\u00bbfull_width\u00a0\u00bb angled_section=\u00a0\u00bbno\u00a0\u00bb text_align=\u00a0\u00bbleft\u00a0\u00bb background_image_as_pattern=\u00a0\u00bbwithout_pattern\u00a0\u00bb css=\u00a0\u00bb.vc_custom_1557138982142{margin-right: 10% !important;margin-left: 10% !important;}\u00a0\u00bb z_index=\u00a0\u00bb\u00a0\u00bb][vc_column][vc_separator type=\u00a0\u00bbtransparent\u00a0\u00bb up=\u00a0\u00bb30&Prime;][vc_column_text]<\/p>\n<p class=\"p1\" style=\"text-align: center;\"><span class=\"s1\">Il nous est apparu n\u00e9cessaire de <b>renforcer le lien intellectuel, spirituel et \u00e9ducatif entre la communaut\u00e9 des Dominicaines, l\u2019\u00e9cole et les parents<\/b> au profit direct des \u00e9l\u00e8ves. L\u2019objectif \u00e9tant le d\u00e9veloppement du caract\u00e8re et des talents de nos enfants aujourd\u2019hui et de leur constance dans foi demain.<\/span><\/p>\n<p>[\/vc_column_text][vc_separator type=\u00a0\u00bbsmall\u00a0\u00bb position=\u00a0\u00bbcenter\u00a0\u00bb color=\u00a0\u00bb#fab012&Prime; thickness=\u00a0\u00bb4&Prime; width=\u00a0\u00bb48&Prime; up=\u00a0\u00bb17&Prime; down=\u00a0\u00bb27&Prime;][\/vc_column][\/vc_row][vc_row css_animation=\u00a0\u00bb\u00a0\u00bb row_type=\u00a0\u00bbrow\u00a0\u00bb use_row_as_full_screen_section=\u00a0\u00bbno\u00a0\u00bb type=\u00a0\u00bbgrid\u00a0\u00bb angled_section=\u00a0\u00bbno\u00a0\u00bb text_align=\u00a0\u00bbleft\u00a0\u00bb background_image_as_pattern=\u00a0\u00bbwithout_pattern\u00a0\u00bb padding_top=\u00a0\u00bb30&Prime; padding_bottom=\u00a0\u00bb30&Prime; z_index=\u00a0\u00bb\u00a0\u00bb css=\u00a0\u00bb.vc_custom_1557139510409{background-color: #ffffff !important;}\u00a0\u00bb][vc_column offset=\u00a0\u00bbvc_col-md-6&Prime;][vc_separator type=\u00a0\u00bbtransparent\u00a0\u00bb up=\u00a0\u00bb20&Prime;][vc_column_text]<\/p>\n<p class=\"p1\"><span class=\"s1\">Pour d\u00e9velopper un lien riche de sens, nous nous appuyons sur les trois piliers de la spiritualit\u00e9 dominicaine (<b>\u00e9tude, vie spirituelle, vie commune<\/b>), en d\u00e9veloppant pour chacun d\u2019entre eux les connaissances pratiques inscrites dans la r\u00e9alit\u00e9\u00a0quotidienne : <\/span><\/p>\n<ul class=\"ul1\">\n<li class=\"li2\"><span class=\"s1\">la morale \u00ab\u00a0monastique\u00a0\u00bb, la construction <b>personnelle\u00a0<\/b>;<\/span><\/li>\n<li class=\"li2\"><span class=\"s1\">la morale \u00ab\u00a0\u00e9conomique\u00a0\u00bb, l\u2019\u00e9quilibre de <b>la famille\u00a0<\/b>;<\/span><\/li>\n<li class=\"li2\"><span class=\"s1\">la morale \u00ab\u00a0politique\u00a0\u00bb, l\u2019inscription dans <b>la cit\u00e9<\/b>.<\/span><\/li>\n<\/ul>\n<p>[\/vc_column_text][vc_separator type=\u00a0\u00bbtransparent\u00a0\u00bb up=\u00a0\u00bb20&Prime;][vc_column_text]<\/p>\n<p class=\"p1\"><span class=\"s1\">La formation des parents prend diverses formes : conf\u00e9rences donn\u00e9es par des m\u00e8res ou des intervenants ext\u00e9rieurs, cours de philosophie aux parents (disponibles en CD, <a href=\"https:\/\/st-pie-x.dominicaines-du-saint-esprit.fr\/index.php\/contact-us\/\">nous contacter<\/a> directement pour toute commande)<\/span><span class=\"s1\">, disputatio \u00e0 la mani\u00e8re de Saint Thomas d\u2019Aquin.<\/span><\/p>\n<p>[\/vc_column_text][vc_empty_space height=\u00a0\u00bb30px\u00a0\u00bb][\/vc_column][vc_column offset=\u00a0\u00bbvc_col-md-6&Prime;][vc_single_image image=\u00a0\u00bb691&Prime; img_size=\u00a0\u00bbfull\u00a0\u00bb alignment=\u00a0\u00bbcenter\u00a0\u00bb style=\u00a0\u00bbvc_box_shadow_border\u00a0\u00bb qode_css_animation=\u00a0\u00bb\u00a0\u00bb][vc_empty_space height=\u00a0\u00bb30px\u00a0\u00bb][\/vc_column][\/vc_row][vc_row css_animation=\u00a0\u00bb\u00a0\u00bb row_type=\u00a0\u00bbrow\u00a0\u00bb use_row_as_full_screen_section=\u00a0\u00bbno\u00a0\u00bb type=\u00a0\u00bbfull_width\u00a0\u00bb angled_section=\u00a0\u00bbno\u00a0\u00bb text_align=\u00a0\u00bbleft\u00a0\u00bb background_image_as_pattern=\u00a0\u00bbwithout_pattern\u00a0\u00bb][vc_column][vc_column_text]<\/p>\n<p class=\"p1\"><span class=\"s1\">La <b><i>disputatio<\/i> <\/b>ou question disput\u00e9e, pr\u00e9par\u00e9e par quelques parents et M\u00e8res, fait l\u2019objet d\u2019une pr\u00e9sentation \u00e0 tous les parents exposant les objections et les r\u00e9ponses \u00e0 celles-ci en vue d\u2019atteindre une position \u00e9quilibr\u00e9e\u00a0; cette derni\u00e8re est enrichie de l\u2019\u00e9clairage d\u2019un intervenant dominicain.<\/span><\/p>\n<p>&nbsp;<\/p>\n<p class=\"p1\"><span class=\"s1\">L\u2019angle adopt\u00e9 pour ces <i>disputatio<\/i> privil\u00e9gie le caract\u00e8re pratique et inscrit dans la r\u00e9alit\u00e9 familiale et permet ensuite les \u00e9changes entre parents lors d\u2019un moment de convivialit\u00e9.<\/span><\/p>\n<p>&nbsp;<\/p>\n<p class=\"p1\"><span class=\"s1\">Les th\u00e8mes d\u00e9j\u00e0 trait\u00e9s furent les suivants\u00a0:<\/span><\/p>\n<p>&nbsp;<\/p>\n<ul class=\"ul1\">\n<li class=\"li3\"><strong><span class=\"s1\">Pourquoi privil\u00e9gier l\u2019\u00e9tude des humanit\u00e9s \u00e0 Saint-Pie X pour nos enfants\u00a0? <\/span><a href=\"https:\/\/st-pie-x.dominicaines-du-saint-esprit.fr\/wp-content\/uploads\/2019\/05\/SAINT-PIE-X-DISPUTATIO-1-ETUDE-DES-HUMANITES-1.pdf\"><span class=\"s3\">(\u00e0 t\u00e9l\u00e9charger ici)<\/span><\/a><\/strong><\/li>\n<li class=\"li3\"><strong><span class=\"s1\">Donne-t-on la bonne place au num\u00e9rique dans l\u2019\u00e9ducation de nos enfants \u00e0 l\u2019\u00e9cole et en famille ? <a href=\"https:\/\/st-pie-x.dominicaines-du-saint-esprit.fr\/wp-content\/uploads\/2019\/09\/20190122_SAINT-PIE-X-DISPUTATIO-2-NUMERIQUE-EDUCATION.pdf\">(\u00e0 t\u00e9l\u00e9charger ici)<\/a><\/span><\/strong><\/li>\n<\/ul>\n<p>[\/vc_column_text][vc_separator type=\u00a0\u00bbtransparent\u00a0\u00bb up=\u00a0\u00bb20&Prime;][\/vc_column][\/vc_row]<\/p>\n","protected":false},"excerpt":{"rendered":"<p>[vc_row css_animation=\u00a0\u00bb\u00a0\u00bb row_type=\u00a0\u00bbrow\u00a0\u00bb use_row_as_full_screen_section=\u00a0\u00bbno\u00a0\u00bb type=\u00a0\u00bbfull_width\u00a0\u00bb angled_section=\u00a0\u00bbno\u00a0\u00bb text_align=\u00a0\u00bbleft\u00a0\u00bb background_image_as_pattern=\u00a0\u00bbwithout_pattern\u00a0\u00bb css=\u00a0\u00bb.vc_custom_1557138982142{margin-right: 10% !important;margin-left: 10% !important;}\u00a0\u00bb z_index=\u00a0\u00bb\u00a0\u00bb][vc_column][vc_separator type=\u00a0\u00bbtransparent\u00a0\u00bb up=\u00a0\u00bb30&Prime;][vc_column_text] Il nous est apparu n\u00e9cessaire de renforcer le lien intellectuel, spirituel et \u00e9ducatif entre la communaut\u00e9 des Dominicaines, l\u2019\u00e9cole et les parents au profit direct des \u00e9l\u00e8ves. L\u2019objectif \u00e9tant&#8230;<\/p>\n","protected":false},"author":1,"featured_media":0,"parent":0,"menu_order":0,"comment_status":"closed","ping_status":"closed","template":"","meta":[],"yoast_head":"<!-- This site is optimized with the Yoast SEO plugin v16.9 - https:\/\/yoast.com\/wordpress\/plugins\/seo\/ -->\n<meta name=\"robots\" content=\"index, follow, max-snippet:-1, max-image-preview:large, max-video-preview:-1\" \/>\n<link rel=\"canonical\" href=\"https:\/\/st-pie-x.dominicaines-du-saint-esprit.fr\/index.php\/formation\/\" \/>\n<meta property=\"og:locale\" content=\"fr_FR\" \/>\n<meta property=\"og:type\" content=\"article\" \/>\n<meta property=\"og:title\" content=\"Formation - Institution Saint-Pie X\" \/>\n<meta property=\"og:description\" content=\"[vc_row css_animation=\u00a0\u00bb\u00a0\u00bb row_type=\u00a0\u00bbrow\u00a0\u00bb use_row_as_full_screen_section=\u00a0\u00bbno\u00a0\u00bb type=\u00a0\u00bbfull_width\u00a0\u00bb angled_section=\u00a0\u00bbno\u00a0\u00bb text_align=\u00a0\u00bbleft\u00a0\u00bb background_image_as_pattern=\u00a0\u00bbwithout_pattern\u00a0\u00bb css=\u00a0\u00bb.vc_custom_1557138982142{margin-right: 10% !important;margin-left: 10% !important;}\u00a0\u00bb z_index=\u00a0\u00bb\u00a0\u00bb][vc_column][vc_separator type=\u00a0\u00bbtransparent\u00a0\u00bb up=\u00a0\u00bb30&Prime;][vc_column_text] Il nous est apparu n\u00e9cessaire de renforcer le lien intellectuel, spirituel et \u00e9ducatif entre la communaut\u00e9 des Dominicaines, l\u2019\u00e9cole et les parents au profit direct des \u00e9l\u00e8ves. L\u2019objectif \u00e9tant...\" \/>\n<meta property=\"og:url\" content=\"https:\/\/st-pie-x.dominicaines-du-saint-esprit.fr\/index.php\/formation\/\" \/>\n<meta property=\"og:site_name\" content=\"Institution Saint-Pie X\" \/>\n<meta property=\"article:modified_time\" content=\"2019-09-29T18:25:50+00:00\" \/>\n<meta name=\"twitter:card\" content=\"summary_large_image\" \/>\n<meta name=\"twitter:label1\" content=\"Dur\u00e9e de lecture est.\" \/>\n\t<meta name=\"twitter:data1\" content=\"3 minutes\" \/>\n<script type=\"application\/ld+json\" class=\"yoast-schema-graph\">{\"@context\":\"https:\/\/schema.org\",\"@graph\":[{\"@type\":\"Organization\",\"@id\":\"https:\/\/st-pie-x.dominicaines-du-saint-esprit.fr\/#organization\",\"name\":\"Institution Saint-Pie X\",\"url\":\"https:\/\/st-pie-x.dominicaines-du-saint-esprit.fr\/\",\"sameAs\":[],\"logo\":{\"@type\":\"ImageObject\",\"@id\":\"https:\/\/st-pie-x.dominicaines-du-saint-esprit.fr\/#logo\",\"inLanguage\":\"fr-FR\",\"url\":\"https:\/\/st-pie-x.dominicaines-du-saint-esprit.fr\/wp-content\/uploads\/2018\/10\/logo-dominicaines.png\",\"contentUrl\":\"https:\/\/st-pie-x.dominicaines-du-saint-esprit.fr\/wp-content\/uploads\/2018\/10\/logo-dominicaines.png\",\"width\":90,\"height\":120,\"caption\":\"Institution Saint-Pie X\"},\"image\":{\"@id\":\"https:\/\/st-pie-x.dominicaines-du-saint-esprit.fr\/#logo\"}},{\"@type\":\"WebSite\",\"@id\":\"https:\/\/st-pie-x.dominicaines-du-saint-esprit.fr\/#website\",\"url\":\"https:\/\/st-pie-x.dominicaines-du-saint-esprit.fr\/\",\"name\":\"Institution Saint-Pie X\",\"description\":\"Dominicaines du Saint-Esprit\",\"publisher\":{\"@id\":\"https:\/\/st-pie-x.dominicaines-du-saint-esprit.fr\/#organization\"},\"potentialAction\":[{\"@type\":\"SearchAction\",\"target\":{\"@type\":\"EntryPoint\",\"urlTemplate\":\"https:\/\/st-pie-x.dominicaines-du-saint-esprit.fr\/?s={search_term_string}\"},\"query-input\":\"required name=search_term_string\"}],\"inLanguage\":\"fr-FR\"},{\"@type\":\"WebPage\",\"@id\":\"https:\/\/st-pie-x.dominicaines-du-saint-esprit.fr\/index.php\/formation\/#webpage\",\"url\":\"https:\/\/st-pie-x.dominicaines-du-saint-esprit.fr\/index.php\/formation\/\",\"name\":\"Formation - Institution Saint-Pie X\",\"isPartOf\":{\"@id\":\"https:\/\/st-pie-x.dominicaines-du-saint-esprit.fr\/#website\"},\"datePublished\":\"2019-05-06T10:50:11+00:00\",\"dateModified\":\"2019-09-29T18:25:50+00:00\",\"breadcrumb\":{\"@id\":\"https:\/\/st-pie-x.dominicaines-du-saint-esprit.fr\/index.php\/formation\/#breadcrumb\"},\"inLanguage\":\"fr-FR\",\"potentialAction\":[{\"@type\":\"ReadAction\",\"target\":[\"https:\/\/st-pie-x.dominicaines-du-saint-esprit.fr\/index.php\/formation\/\"]}]},{\"@type\":\"BreadcrumbList\",\"@id\":\"https:\/\/st-pie-x.dominicaines-du-saint-esprit.fr\/index.php\/formation\/#breadcrumb\",\"itemListElement\":[{\"@type\":\"ListItem\",\"position\":1,\"name\":\"Accueil\",\"item\":\"https:\/\/st-pie-x.dominicaines-du-saint-esprit.fr\/\"},{\"@type\":\"ListItem\",\"position\":2,\"name\":\"Formation\"}]}]}<\/script>\n<!-- \/ Yoast SEO plugin. -->","yoast_head_json":{"robots":{"index":"index","follow":"follow","max-snippet":"max-snippet:-1","max-image-preview":"max-image-preview:large","max-video-preview":"max-video-preview:-1"},"canonical":"https:\/\/st-pie-x.dominicaines-du-saint-esprit.fr\/index.php\/formation\/","og_locale":"fr_FR","og_type":"article","og_title":"Formation - Institution Saint-Pie X","og_description":"[vc_row css_animation=\u00a0\u00bb\u00a0\u00bb row_type=\u00a0\u00bbrow\u00a0\u00bb use_row_as_full_screen_section=\u00a0\u00bbno\u00a0\u00bb type=\u00a0\u00bbfull_width\u00a0\u00bb angled_section=\u00a0\u00bbno\u00a0\u00bb text_align=\u00a0\u00bbleft\u00a0\u00bb background_image_as_pattern=\u00a0\u00bbwithout_pattern\u00a0\u00bb css=\u00a0\u00bb.vc_custom_1557138982142{margin-right: 10% !important;margin-left: 10% !important;}\u00a0\u00bb z_index=\u00a0\u00bb\u00a0\u00bb][vc_column][vc_separator type=\u00a0\u00bbtransparent\u00a0\u00bb up=\u00a0\u00bb30&Prime;][vc_column_text] Il nous est apparu n\u00e9cessaire de renforcer le lien intellectuel, spirituel et \u00e9ducatif entre la communaut\u00e9 des Dominicaines, l\u2019\u00e9cole et les parents au profit direct des \u00e9l\u00e8ves. L\u2019objectif \u00e9tant...","og_url":"https:\/\/st-pie-x.dominicaines-du-saint-esprit.fr\/index.php\/formation\/","og_site_name":"Institution Saint-Pie X","article_modified_time":"2019-09-29T18:25:50+00:00","twitter_card":"summary_large_image","twitter_misc":{"Dur\u00e9e de lecture est.":"3 minutes"},"schema":{"@context":"https:\/\/schema.org","@graph":[{"@type":"Organization","@id":"https:\/\/st-pie-x.dominicaines-du-saint-esprit.fr\/#organization","name":"Institution Saint-Pie X","url":"https:\/\/st-pie-x.dominicaines-du-saint-esprit.fr\/","sameAs":[],"logo":{"@type":"ImageObject","@id":"https:\/\/st-pie-x.dominicaines-du-saint-esprit.fr\/#logo","inLanguage":"fr-FR","url":"https:\/\/st-pie-x.dominicaines-du-saint-esprit.fr\/wp-content\/uploads\/2018\/10\/logo-dominicaines.png","contentUrl":"https:\/\/st-pie-x.dominicaines-du-saint-esprit.fr\/wp-content\/uploads\/2018\/10\/logo-dominicaines.png","width":90,"height":120,"caption":"Institution Saint-Pie X"},"image":{"@id":"https:\/\/st-pie-x.dominicaines-du-saint-esprit.fr\/#logo"}},{"@type":"WebSite","@id":"https:\/\/st-pie-x.dominicaines-du-saint-esprit.fr\/#website","url":"https:\/\/st-pie-x.dominicaines-du-saint-esprit.fr\/","name":"Institution Saint-Pie X","description":"Dominicaines du Saint-Esprit","publisher":{"@id":"https:\/\/st-pie-x.dominicaines-du-saint-esprit.fr\/#organization"},"potentialAction":[{"@type":"SearchAction","target":{"@type":"EntryPoint","urlTemplate":"https:\/\/st-pie-x.dominicaines-du-saint-esprit.fr\/?s={search_term_string}"},"query-input":"required name=search_term_string"}],"inLanguage":"fr-FR"},{"@type":"WebPage","@id":"https:\/\/st-pie-x.dominicaines-du-saint-esprit.fr\/index.php\/formation\/#webpage","url":"https:\/\/st-pie-x.dominicaines-du-saint-esprit.fr\/index.php\/formation\/","name":"Formation - Institution Saint-Pie X","isPartOf":{"@id":"https:\/\/st-pie-x.dominicaines-du-saint-esprit.fr\/#website"},"datePublished":"2019-05-06T10:50:11+00:00","dateModified":"2019-09-29T18:25:50+00:00","breadcrumb":{"@id":"https:\/\/st-pie-x.dominicaines-du-saint-esprit.fr\/index.php\/formation\/#breadcrumb"},"inLanguage":"fr-FR","potentialAction":[{"@type":"ReadAction","target":["https:\/\/st-pie-x.dominicaines-du-saint-esprit.fr\/index.php\/formation\/"]}]},{"@type":"BreadcrumbList","@id":"https:\/\/st-pie-x.dominicaines-du-saint-esprit.fr\/index.php\/formation\/#breadcrumb","itemListElement":[{"@type":"ListItem","position":1,"name":"Accueil","item":"https:\/\/st-pie-x.dominicaines-du-saint-esprit.fr\/"},{"@type":"ListItem","position":2,"name":"Formation"}]}]}},"_links":{"self":[{"href":"https:\/\/st-pie-x.dominicaines-du-saint-esprit.fr\/index.php\/wp-json\/wp\/v2\/pages\/683"}],"collection":[{"href":"https:\/\/st-pie-x.dominicaines-du-saint-esprit.fr\/index.php\/wp-json\/wp\/v2\/pages"}],"about":[{"href":"https:\/\/st-pie-x.dominicaines-du-saint-esprit.fr\/index.php\/wp-json\/wp\/v2\/types\/page"}],"author":[{"embeddable":true,"href":"https:\/\/st-pie-x.dominicaines-du-saint-esprit.fr\/index.php\/wp-json\/wp\/v2\/users\/1"}],"replies":[{"embeddable":true,"href":"https:\/\/st-pie-x.dominicaines-du-saint-esprit.fr\/index.php\/wp-json\/wp\/v2\/comments?post=683"}],"version-history":[{"count":19,"href":"https:\/\/st-pie-x.dominicaines-du-saint-esprit.fr\/index.php\/wp-json\/wp\/v2\/pages\/683\/revisions"}],"predecessor-version":[{"id":1126,"href":"https:\/\/st-pie-x.dominicaines-du-saint-esprit.fr\/index.php\/wp-json\/wp\/v2\/pages\/683\/revisions\/1126"}],"wp:attachment":[{"href":"https:\/\/st-pie-x.dominicaines-du-saint-esprit.fr\/index.php\/wp-json\/wp\/v2\/media?parent=683"}],"curies":[{"name":"wp","href":"https:\/\/api.w.org\/{rel}","templated":true}]}}